{"id":3682,"date":"2024-01-04T00:23:26","date_gmt":"2024-01-04T06:23:26","guid":{"rendered":"https:\/\/vinoselrey.com\/tienda\/product\/handpicked-red-chillies\/"},"modified":"2026-03-11T12:58:32","modified_gmt":"2026-03-11T18:58:32","slug":"kturra","status":"publish","type":"product","link":"https:\/\/vinoselrey.com\/tienda\/product\/kturra\/","title":{"rendered":"Kturra &#8211; Vino de Caf\u00e9 y Cacao, Complejo y Especial"},"content":{"rendered":"<p><a href=\"https:\/\/vinoselrey.com\/nuestros-vinos\/kturra\/\">El vino Kturra<\/a> se inspira en la caturra, una variedad de caf\u00e9 robusta y compacta que cautiva a los amantes de las bebidas con su irresistible aroma e intenso sabor. Los granos de la caturra desprenden una fragancia cautivadora, que inmediatamente nos transporta a un mundo de sensaciones placenteras. Su aroma pronunciado nos invita a descubrir una combinaci\u00f3n \u00fanica de notas a caramelo y chocolate, que hacen de la caturra el caf\u00e9 favorito de muchos paladares exigentes.<\/p>\n<p>Esta exquisita inspiraci\u00f3n se traduce en el vino Kturra, una obra maestra que combina lo mejor del caf\u00e9 y el vino en cada sorbo. Al igual que la caturra, el vino Kturra deleita los sentidos con su aroma embriagador y su sabor seductor. Cada copa es un viaje sensorial que nos sumerge en un mar de sabores y nos invita a disfrutar de momentos \u00fanicos.<\/p>\n<p><a href=\"https:\/\/vinoselrey.com\/nuestros-vinos\/kturra\/#notas-kturra\">Ver notas de cata.<\/a><\/p>\n<p>Si eres amante del buen vino y te encanta probar sabores innovadores, no puedes dejar de probar el vino Kturra. Esta exquisita bebida es una mezcla perfecta de caf\u00e9 y cacao, que deleitar\u00e1 tus sentidos y te transportar\u00e1 a una experiencia \u00fanica.<\/p>\n<p><a href=\"https:\/\/es.wikipedia.org\/wiki\/Somoto\">Producido en el Valle De Los Gansos<\/a><\/p>\n<h5><span style=\"color: #0000ff;\"><strong>\u00bfQuieres conocer el precio total de tu compra, incluyendo el env\u00edo?<\/strong><\/span><\/h5>\n<p>\u00a1Es muy f\u00e1cil! Solo agrega los productos a tu carrito y elige tu ciudad. Al instante, ver\u00e1s el precio total, incluyendo el env\u00edo.<\/p>\n<p><strong>\u00bfQuieres una estimaci\u00f3n r\u00e1pida?<\/strong> Para este producto, el costo aproximado con env\u00edo incluido suele ser de <span style=\"color: #008000;\"><strong>C$ 355.<\/strong><\/span><\/p>\n<p>Recuerda que el costo final puede variar seg\u00fan la cantidad de productos y tu ubicaci\u00f3n exacta.<\/p>\n<p><strong>En resumen,<\/strong> para ver el precio exacto sigue los sencillos pasos a continuaci\u00f3n:<br \/>\nA\u00f1ade los productos a tu carrito, selecciona tu municipio y \u00a1listo! El sistema calcular\u00e1 autom\u00e1ticamente el costo total, incluyendo el env\u00edo. \u00a1Es r\u00e1pido y sencillo!<\/p>\n<p><em><strong>\u00a1An\u00edmate a finalizar tu compra!<\/strong><\/em><\/p>\n","protected":false},"excerpt":{"rendered":"<hr \/>\n<p>Esta exquisita bebida es una mezcla perfecta de caf\u00e9 y cacao, que deleitar\u00e1 tus sentidos y te transportar\u00e1 a una experiencia \u00fanica.<\/p>\n","protected":false},"featured_media":6493,"comment_status":"open","ping_status":"closed","template":"","meta":{"site-sidebar-layout":"default","site-content-layout":"default","ast-site-content-layout":"default","site-content-style":"default","site-sidebar-style":"default","ast-global-header-display":"","ast-banner-title-visibility":"","ast-main-header-display":"","ast-hfb-above-header-display":"","ast-hfb-below-header-display":"","ast-hfb-mobile-header-display":"","site-post-title":"","ast-breadcrumbs-content":"","ast-featured-img":"","footer-sml-layout":"","ast-disable-related-posts":"","theme-transparent-header-meta":"default","adv-header-id-meta":"","stick-header-meta":"","header-above-stick-meta":"","header-main-stick-meta":"","header-below-stick-meta":"","astra-migrate-meta-layouts":"set","ast-page-background-enabled":"default","ast-page-background-meta":{"desktop":{"background-color":"","background-image":"","background-repeat":"repeat","background-position":"center center","background-size":"auto","background-attachment":"scroll","background-type":"","background-media":"","overlay-type":"","overlay-color":"","overlay-opacity":"","overlay-gradient":""},"tablet":{"background-color":"","background-image":"","background-repeat":"repeat","background-position":"center center","background-size":"auto","background-attachment":"scroll","background-type":"","background-media":"","overlay-type":"","overlay-color":"","overlay-opacity":"","overlay-gradient":""},"mobile":{"background-color":"","background-image":"","background-repeat":"repeat","background-position":"center center","background-size":"auto","background-attachment":"scroll","background-type":"","background-media":"","overlay-type":"","overlay-color":"","overlay-opacity":"","overlay-gradient":""}},"ast-content-background-meta":{"desktop":{"background-color":"var(--ast-global-color-5)","background-image":"","background-repeat":"repeat","background-position":"center center","background-size":"auto","background-attachment":"scroll","background-type":"","background-media":"","overlay-type":"","overlay-color":"","overlay-opacity":"","overlay-gradient":""},"tablet":{"background-color":"var(--ast-global-color-5)","background-image":"","background-repeat":"repeat","background-position":"center center","background-size":"auto","background-attachment":"scroll","background-type":"","background-media":"","overlay-type":"","overlay-color":"","overlay-opacity":"","overlay-gradient":""},"mobile":{"background-color":"var(--ast-global-color-5)","background-image":"","background-repeat":"repeat","background-position":"center center","background-size":"auto","background-attachment":"scroll","background-type":"","background-media":"","overlay-type":"","overlay-color":"","overlay-opacity":"","overlay-gradient":""}},"_joinchat":[]},"product_brand":[],"product_cat":[22],"product_tag":[30,32],"class_list":{"0":"post-3682","1":"product","2":"type-product","3":"status-publish","4":"has-post-thumbnail","6":"product_cat-vino-tinto-nicaraguense","7":"product_tag-cafe-nicaraguense","8":"product_tag-vino-nicaragua","9":"desktop-align-center","10":"tablet-align-center","11":"mobile-align-center","13":"first","14":"instock","15":"featured","16":"shipping-taxable","17":"purchasable","18":"product-type-simple"},"aioseo_notices":[],"_links":{"self":[{"href":"https:\/\/vinoselrey.com\/tienda\/wp-json\/wp\/v2\/product\/3682","targetHints":{"allow":["GET"]}}],"collection":[{"href":"https:\/\/vinoselrey.com\/tienda\/wp-json\/wp\/v2\/product"}],"about":[{"href":"https:\/\/vinoselrey.com\/tienda\/wp-json\/wp\/v2\/types\/product"}],"replies":[{"embeddable":true,"href":"https:\/\/vinoselrey.com\/tienda\/wp-json\/wp\/v2\/comments?post=3682"}],"wp:featuredmedia":[{"embeddable":true,"href":"https:\/\/vinoselrey.com\/tienda\/wp-json\/wp\/v2\/media\/6493"}],"wp:attachment":[{"href":"https:\/\/vinoselrey.com\/tienda\/wp-json\/wp\/v2\/media?parent=3682"}],"wp:term":[{"taxonomy":"product_brand","embeddable":true,"href":"https:\/\/vinoselrey.com\/tienda\/wp-json\/wp\/v2\/product_brand?post=3682"},{"taxonomy":"product_cat","embeddable":true,"href":"https:\/\/vinoselrey.com\/tienda\/wp-json\/wp\/v2\/product_cat?post=3682"},{"taxonomy":"product_tag","embeddable":true,"href":"https:\/\/vinoselrey.com\/tienda\/wp-json\/wp\/v2\/product_tag?post=3682"}],"curies":[{"name":"wp","href":"https:\/\/api.w.org\/{rel}","templated":true}]}}