{"id":4803,"date":"2024-03-18T20:30:20","date_gmt":"2024-03-19T02:30:20","guid":{"rendered":"https:\/\/vinoselrey.com\/tienda\/?post_type=product&#038;p=4803"},"modified":"2025-12-20T16:43:45","modified_gmt":"2025-12-20T22:43:45","slug":"vinos-con-tu-sello-disena-tu-mensaje-unico","status":"publish","type":"product","link":"https:\/\/vinoselrey.com\/tienda\/product\/vinos-con-tu-sello-disena-tu-mensaje-unico\/","title":{"rendered":"Vinos con Tu Sello &#8211; Dise\u00f1a Tu Mensaje \u00danico &#8211; 750 ml"},"content":{"rendered":"<p>Sum\u00e9rgete en la experiencia sensorial de nuestro vino de <a href=\"https:\/\/vinoselrey.com\/tienda\/product\/vino-de-tamarindo-y-maracuya\/\">Tamarindo con Maracuy\u00e1,<\/a> una selecci\u00f3n exclusiva de Vinos El Rey. Cada botella es un lienzo en blanco esperando tu toque personal. Celebra los momentos m\u00e1s dulces de la vida con un mensaje hecho a medida en la etiqueta, como un afectuoso \u201cFeliz Cumplea\u00f1os Andrea\u201d. Este vino, con su fusi\u00f3n ex\u00f3tica de sabores nicarag\u00fcenses, es el regalo perfecto que promete ser tan \u00fanico y especial como la persona que lo recibe.<\/p>\n","protected":false},"excerpt":{"rendered":"<hr \/>\n<p>Regala un brindis personal con nuestro vino de <strong>Tamarindo con Maracuy\u00e1<\/strong>. Personaliza la etiqueta con tu mensaje especial y convierte cualquier ocasi\u00f3n en un recuerdo inolvidable. Ideal para cumplea\u00f1os, aniversarios o simplemente para decir \u201cte aprecio\u00bb<\/p>\n","protected":false},"featured_media":5148,"comment_status":"open","ping_status":"closed","template":"","meta":{"site-sidebar-layout":"default","site-content-layout":"","ast-site-content-layout":"default","site-content-style":"default","site-sidebar-style":"default","ast-global-header-display":"","ast-banner-title-visibility":"","ast-main-header-display":"","ast-hfb-above-header-display":"","ast-hfb-below-header-display":"","ast-hfb-mobile-header-display":"","site-post-title":"","ast-breadcrumbs-content":"","ast-featured-img":"","footer-sml-layout":"","ast-disable-related-posts":"","theme-transparent-header-meta":"default","adv-header-id-meta":"","stick-header-meta":"","header-above-stick-meta":"","header-main-stick-meta":"","header-below-stick-meta":"","astra-migrate-meta-layouts":"set","ast-page-background-enabled":"default","ast-page-background-meta":{"desktop":{"background-color":"","background-image":"","background-repeat":"repeat","background-position":"center center","background-size":"auto","background-attachment":"scroll","background-type":"","background-media":"","overlay-type":"","overlay-color":"","overlay-opacity":"","overlay-gradient":""},"tablet":{"background-color":"","background-image":"","background-repeat":"repeat","background-position":"center center","background-size":"auto","background-attachment":"scroll","background-type":"","background-media":"","overlay-type":"","overlay-color":"","overlay-opacity":"","overlay-gradient":""},"mobile":{"background-color":"","background-image":"","background-repeat":"repeat","background-position":"center center","background-size":"auto","background-attachment":"scroll","background-type":"","background-media":"","overlay-type":"","overlay-color":"","overlay-opacity":"","overlay-gradient":""}},"ast-content-background-meta":{"desktop":{"background-color":"var(--ast-global-color-5)","background-image":"","background-repeat":"repeat","background-position":"center center","background-size":"auto","background-attachment":"scroll","background-type":"","background-media":"","overlay-type":"","overlay-color":"","overlay-opacity":"","overlay-gradient":""},"tablet":{"background-color":"var(--ast-global-color-5)","background-image":"","background-repeat":"repeat","background-position":"center center","background-size":"auto","background-attachment":"scroll","background-type":"","background-media":"","overlay-type":"","overlay-color":"","overlay-opacity":"","overlay-gradient":""},"mobile":{"background-color":"var(--ast-global-color-5)","background-image":"","background-repeat":"repeat","background-position":"center center","background-size":"auto","background-attachment":"scroll","background-type":"","background-media":"","overlay-type":"","overlay-color":"","overlay-opacity":"","overlay-gradient":""}},"_joinchat":{"telephone":"+50588220730","message_text":"*Dise\u00f1emos tu etiqueta*\n- Color de Fondo?\n- Nombre de persona especial?\n- Frase personal?\n- Cu\u00e9ntanos tu idea, nosotros la dise\u00f1amos!","message_send":"\u00a1Hola! Gracias por contactarnos en {SITE} Nos complace saber que est\u00e1s interesado en nuestros vinos con etiquetas personalizables. Ofrecemos una variedad de opciones para personalizar tu etiqueta, perfectos para cualquier ocasi\u00f3n especial. Por favor, ind\u00edcanos cualquier detalle espec\u00edfico para la personalizaci\u00f3n. Un miembro de nuestro equipo se pondr\u00e1 en contacto contigo a la brevedad para asistirte en el proceso de dise\u00f1o y selecci\u00f3n. \u00a1Salud!","view":"yes"}},"product_brand":[],"product_cat":[56],"product_tag":[83,55],"class_list":{"0":"post-4803","1":"product","2":"type-product","3":"status-publish","4":"has-post-thumbnail","6":"product_cat-edicion-estelar","7":"product_tag-personalizado","8":"product_tag-vino-blanco","9":"desktop-align-center","10":"tablet-align-center","11":"mobile-align-center","13":"first","14":"instock","15":"shipping-taxable","16":"purchasable","17":"product-type-simple"},"aioseo_notices":[],"_links":{"self":[{"href":"https:\/\/vinoselrey.com\/tienda\/wp-json\/wp\/v2\/product\/4803","targetHints":{"allow":["GET"]}}],"collection":[{"href":"https:\/\/vinoselrey.com\/tienda\/wp-json\/wp\/v2\/product"}],"about":[{"href":"https:\/\/vinoselrey.com\/tienda\/wp-json\/wp\/v2\/types\/product"}],"replies":[{"embeddable":true,"href":"https:\/\/vinoselrey.com\/tienda\/wp-json\/wp\/v2\/comments?post=4803"}],"wp:featuredmedia":[{"embeddable":true,"href":"https:\/\/vinoselrey.com\/tienda\/wp-json\/wp\/v2\/media\/5148"}],"wp:attachment":[{"href":"https:\/\/vinoselrey.com\/tienda\/wp-json\/wp\/v2\/media?parent=4803"}],"wp:term":[{"taxonomy":"product_brand","embeddable":true,"href":"https:\/\/vinoselrey.com\/tienda\/wp-json\/wp\/v2\/product_brand?post=4803"},{"taxonomy":"product_cat","embeddable":true,"href":"https:\/\/vinoselrey.com\/tienda\/wp-json\/wp\/v2\/product_cat?post=4803"},{"taxonomy":"product_tag","embeddable":true,"href":"https:\/\/vinoselrey.com\/tienda\/wp-json\/wp\/v2\/product_tag?post=4803"}],"curies":[{"name":"wp","href":"https:\/\/api.w.org\/{rel}","templated":true}]}}