{"id":6116,"date":"2024-10-01T22:38:55","date_gmt":"2024-10-02T04:38:55","guid":{"rendered":"https:\/\/vinoselrey.com\/tienda\/?post_type=product&#038;p=6116"},"modified":"2026-03-11T12:58:32","modified_gmt":"2026-03-11T18:58:32","slug":"vino-de-jamaica-750-ml-seco","status":"publish","type":"product","link":"https:\/\/vinoselrey.com\/tienda\/product\/vino-de-jamaica-750-ml-seco\/","title":{"rendered":"Jamaica | Vino de Flor de Jamaica_750ML | No Dulce | 12\u00ba Alcohol"},"content":{"rendered":"<p data-sourcepos=\"5:1-5:59\">\u00ab<strong>Descubra la magia de la flor de Jamaica en cada sorbo.<\/strong><\/p>\n<p data-sourcepos=\"7:1-7:312\">Prep\u00e1rese para deleitar sus sentidos con nuestro nuevo vino de Jamaica, una creaci\u00f3n \u00fanica que fusiona la tradici\u00f3n y la innovaci\u00f3n. Elaborado a partir de las flores m\u00e1s selectas, este vino promete una experiencia sensorial inolvidable. Su intenso color rub\u00ed y su aroma floral despertar\u00e1n su paladar.<\/p>\n<p data-sourcepos=\"9:1-9:166\">\n","protected":false},"excerpt":{"rendered":"<hr \/>\n<h6>Calcula el env\u00edo en el carrito de compras. sin compromiso.<\/h6>\n<p>&nbsp;<\/p>\n<p data-sourcepos=\"15:1-15:153\">Es un vino No tradicional, No Dulce, 12% de alcohol, intenso color rub\u00ed brillante, aroma floral, sabor equilibrado y refrescante. Made in Nicaragua!<\/p>\n<h5 data-sourcepos=\"17:1-17:136\"><strong>\u00a1S\u00e9 parte de esta aventura!<\/strong><\/h5>\n","protected":false},"featured_media":7739,"comment_status":"open","ping_status":"closed","template":"","meta":{"site-sidebar-layout":"default","site-content-layout":"","ast-site-content-layout":"default","site-content-style":"default","site-sidebar-style":"default","ast-global-header-display":"","ast-banner-title-visibility":"","ast-main-header-display":"","ast-hfb-above-header-display":"","ast-hfb-below-header-display":"","ast-hfb-mobile-header-display":"","site-post-title":"","ast-breadcrumbs-content":"","ast-featured-img":"","footer-sml-layout":"","ast-disable-related-posts":"","theme-transparent-header-meta":"default","adv-header-id-meta":"","stick-header-meta":"","header-above-stick-meta":"","header-main-stick-meta":"","header-below-stick-meta":"","astra-migrate-meta-layouts":"set","ast-page-background-enabled":"default","ast-page-background-meta":{"desktop":{"background-color":"","background-image":"","background-repeat":"repeat","background-position":"center center","background-size":"auto","background-attachment":"scroll","background-type":"","background-media":"","overlay-type":"","overlay-color":"","overlay-opacity":"","overlay-gradient":""},"tablet":{"background-color":"","background-image":"","background-repeat":"repeat","background-position":"center center","background-size":"auto","background-attachment":"scroll","background-type":"","background-media":"","overlay-type":"","overlay-color":"","overlay-opacity":"","overlay-gradient":""},"mobile":{"background-color":"","background-image":"","background-repeat":"repeat","background-position":"center center","background-size":"auto","background-attachment":"scroll","background-type":"","background-media":"","overlay-type":"","overlay-color":"","overlay-opacity":"","overlay-gradient":""}},"ast-content-background-meta":{"desktop":{"background-color":"var(--ast-global-color-5)","background-image":"","background-repeat":"repeat","background-position":"center center","background-size":"auto","background-attachment":"scroll","background-type":"","background-media":"","overlay-type":"","overlay-color":"","overlay-opacity":"","overlay-gradient":""},"tablet":{"background-color":"var(--ast-global-color-5)","background-image":"","background-repeat":"repeat","background-position":"center center","background-size":"auto","background-attachment":"scroll","background-type":"","background-media":"","overlay-type":"","overlay-color":"","overlay-opacity":"","overlay-gradient":""},"mobile":{"background-color":"var(--ast-global-color-5)","background-image":"","background-repeat":"repeat","background-position":"center center","background-size":"auto","background-attachment":"scroll","background-type":"","background-media":"","overlay-type":"","overlay-color":"","overlay-opacity":"","overlay-gradient":""}},"_joinchat":[]},"product_brand":[],"product_cat":[22],"product_tag":[],"class_list":{"0":"post-6116","1":"product","2":"type-product","3":"status-publish","4":"has-post-thumbnail","6":"product_cat-vino-tinto-nicaraguense","7":"desktop-align-center","8":"tablet-align-center","9":"mobile-align-center","11":"first","12":"instock","13":"shipping-taxable","14":"purchasable","15":"product-type-simple"},"aioseo_notices":[],"_links":{"self":[{"href":"https:\/\/vinoselrey.com\/tienda\/wp-json\/wp\/v2\/product\/6116","targetHints":{"allow":["GET"]}}],"collection":[{"href":"https:\/\/vinoselrey.com\/tienda\/wp-json\/wp\/v2\/product"}],"about":[{"href":"https:\/\/vinoselrey.com\/tienda\/wp-json\/wp\/v2\/types\/product"}],"replies":[{"embeddable":true,"href":"https:\/\/vinoselrey.com\/tienda\/wp-json\/wp\/v2\/comments?post=6116"}],"wp:featuredmedia":[{"embeddable":true,"href":"https:\/\/vinoselrey.com\/tienda\/wp-json\/wp\/v2\/media\/7739"}],"wp:attachment":[{"href":"https:\/\/vinoselrey.com\/tienda\/wp-json\/wp\/v2\/media?parent=6116"}],"wp:term":[{"taxonomy":"product_brand","embeddable":true,"href":"https:\/\/vinoselrey.com\/tienda\/wp-json\/wp\/v2\/product_brand?post=6116"},{"taxonomy":"product_cat","embeddable":true,"href":"https:\/\/vinoselrey.com\/tienda\/wp-json\/wp\/v2\/product_cat?post=6116"},{"taxonomy":"product_tag","embeddable":true,"href":"https:\/\/vinoselrey.com\/tienda\/wp-json\/wp\/v2\/product_tag?post=6116"}],"curies":[{"name":"wp","href":"https:\/\/api.w.org\/{rel}","templated":true}]}}