{"id":6512,"date":"2024-11-27T14:36:20","date_gmt":"2024-11-27T20:36:20","guid":{"rendered":"https:\/\/vinoselrey.com\/tienda\/?post_type=product&#038;p=6512"},"modified":"2026-04-22T22:08:28","modified_gmt":"2026-04-23T04:08:28","slug":"12-vinos-de-tamarindo-y-maracuya-750ml-12alcohol-copia","status":"publish","type":"product","link":"https:\/\/vinoselrey.com\/tienda\/product\/12-vinos-de-tamarindo-y-maracuya-750ml-12alcohol-copia\/","title":{"rendered":"12 Vinos de Tamarindo y Maracuy\u00e1-750ML-12%Alcohol"},"content":{"rendered":"<hr \/>\n<h2>Vino El Rey<\/h2>\n<h3><span style=\"color: #3366ff\">Tamarindo con Maracuy\u00e1<\/span><\/h3>\n<h2><span style=\"color: #00ccff\"><strong>Incluye 12 Unidades + ENV\u00cdO GRATIS<\/strong><\/span><\/h2>\n<p>&nbsp;<\/p>\n<hr \/>\n<div>\n<ul>\n<li>\n<h6>La fusi\u00f3n de tamarindo y maracuy\u00e1 crea una sinfon\u00eda de aromas y sabores.<\/h6>\n<\/li>\n<li>\n<h6><span style=\"color: #008080\"><strong>Color:<\/strong><\/span>\u00a0Blanco, brillante, dorado transparente.<\/h6>\n<\/li>\n<li>\n<h6><span style=\"color: #008080\">Aroma:<\/span>\u00a0Suave, Frutal<\/h6>\n<\/li>\n<li>\n<h6><span style=\"color: #008080\">Gusto:<\/span>\u00a0Frutal, refrescante, Car\u00e1cter Nica, levemente dulce. Podr\u00eda calentar tu pecho.<\/h6>\n<\/li>\n<li>\n<h6>Consumir bien fr\u00edo: 8\u00baC.<\/h6>\n<\/li>\n<\/ul>\n<\/div>\n<div>\n<div role=\"tablist\" data-faqtoggle=\"true\">\n<div role=\"tab\">\n<hr \/>\n<\/div>\n<\/div>\n<\/div>\n<h3><span style=\"color: #800000\">Compra Directo a la Bodega<\/span><br \/>\n<span style=\"color: #00ccff\">Recibe en 24 horas en la mayor\u00eda de ciudades<\/span><br \/>\n<span style=\"color: #00ccff\">Horario Laboral<\/span><\/h3>\n<hr \/>\n<ol>\n<li><strong><span style=\"color: #333399\">SOMOS VINOS EL REY<\/span><\/strong><\/li>\n<li><span style=\"color: #333399\">UNA EMPRESA FAMILIAR DE SOMOTO<\/span><\/li>\n<li><span style=\"color: #333399\">PRODUCIMOS VINOS <strong>NO TRADICIONALES<\/strong> DESDE 2006.<\/span><\/li>\n<li><span style=\"color: #333399\">TE PEDIMOS UNA OPORTUNIDAD, PRUEBA NUESTROS VINOS. SON HECHOS CON AMOR, ESMERO Y PURA PASI\u00d3N.<\/span><\/li>\n<li><span style=\"color: #333399\">AMAMOS LO QUE HACEMOS!<\/span><\/li>\n<li><span style=\"color: #333399\">GRACIAS POR APOYAR UN NEGOCIO LOCAL.<\/span><\/li>\n<\/ol>\n<hr \/>\n<h3 class=\"wp-block-heading has-text-align-center has-text-color has-link-color wp-elements-7b42075f99d661ebdd586d350cea22f1\"><span style=\"color: #800000\">Compra con Confianza<\/span><\/h3>\n<ul class=\"wp-block-list\">\n<li><strong>Calidad Garantizada:<\/strong>\u00a0Nos comprometemos con la excelencia en cada botella de vino.<\/li>\n<li><strong>Entrega Perfecta:<\/strong>\u00a0Tu pedido llegar\u00e1 en perfectas condiciones, garantizado.<\/li>\n<li><strong>Tranquilidad Total:<\/strong>\u00a0Nosotros nos encargamos de todo; t\u00fa solo disfruta.<\/li>\n<\/ul>\n<p><strong>\u00bfC\u00f3mo lo logramos?<\/strong><br \/>\nCon m\u00e1s de 16 a\u00f1os de experiencia en el empaquetado y env\u00edo de vinos, sabemos c\u00f3mo hacerlo bien. Y si algo no sale como esperabas, nosotros nos hacemos cargo.<\/p>\n<hr \/>\n<p><strong>Aprovecha el <span style=\"color: #008000\">Env\u00edo Gratis<\/span> de este combo &#8211; No creo que dure para siempre <\/strong><span style=\"color: #ff0000\">(aplica para la mayor\u00eda de ciudades)<\/span> <strong><br \/>\n<\/strong><\/p>\n<p>&nbsp;<\/p>\n<p><em><strong>\u00a1An\u00edmate a finalizar tu compra!<\/strong><\/em><\/p>\n<pre><span style=\"color: #808080\"><strong>La cantidad de esta oferta est\u00e1 pensada para aprovechar al m\u00e1ximo los gastos de env\u00edo<\/strong>.<\/span><\/pre>\n","protected":false},"excerpt":{"rendered":"<hr \/>\n<h6><span style=\"color: #008000\"><strong>ENV\u00cdO GRATIS <\/strong><span style=\"color: #808080\">(aplica para la mayor\u00eda de ciudades) a\u00f1\u00e1delo al carrito y mira si tu ciudad aplica.<\/span><\/span><\/h6>\n<p data-sourcepos=\"3:1-3:122\"><strong>\u00a1Disfruta del sabor frutal en grande!<\/strong> 12 unidades de nuestro delicioso vino frutal para compartir con amigos y familia.<\/p>\n<p data-sourcepos=\"3:1-3:122\"><span style=\"color: #808080\">La cantidad de esta oferta est\u00e1 pensada para aprovechar al m\u00e1ximo los gastos de env\u00edo.<\/span><\/p>\n","protected":false},"featured_media":7736,"comment_status":"open","ping_status":"closed","template":"","meta":{"site-sidebar-layout":"default","site-content-layout":"","ast-site-content-layout":"default","site-content-style":"default","site-sidebar-style":"default","ast-global-header-display":"","ast-banner-title-visibility":"","ast-main-header-display":"","ast-hfb-above-header-display":"","ast-hfb-below-header-display":"","ast-hfb-mobile-header-display":"","site-post-title":"","ast-breadcrumbs-content":"","ast-featured-img":"","footer-sml-layout":"disabled","ast-disable-related-posts":"","theme-transparent-header-meta":"default","adv-header-id-meta":"","stick-header-meta":"","header-above-stick-meta":"","header-main-stick-meta":"","header-below-stick-meta":"","astra-migrate-meta-layouts":"set","ast-page-background-enabled":"default","ast-page-background-meta":{"desktop":{"background-color":"","background-image":"","background-repeat":"repeat","background-position":"center center","background-size":"auto","background-attachment":"scroll","background-type":"","background-media":"","overlay-type":"","overlay-color":"","overlay-opacity":"","overlay-gradient":""},"tablet":{"background-color":"","background-image":"","background-repeat":"repeat","background-position":"center center","background-size":"auto","background-attachment":"scroll","background-type":"","background-media":"","overlay-type":"","overlay-color":"","overlay-opacity":"","overlay-gradient":""},"mobile":{"background-color":"","background-image":"","background-repeat":"repeat","background-position":"center center","background-size":"auto","background-attachment":"scroll","background-type":"","background-media":"","overlay-type":"","overlay-color":"","overlay-opacity":"","overlay-gradient":""}},"ast-content-background-meta":{"desktop":{"background-color":"var(--ast-global-color-5)","background-image":"","background-repeat":"repeat","background-position":"center center","background-size":"auto","background-attachment":"scroll","background-type":"","background-media":"","overlay-type":"","overlay-color":"","overlay-opacity":"","overlay-gradient":""},"tablet":{"background-color":"var(--ast-global-color-5)","background-image":"","background-repeat":"repeat","background-position":"center center","background-size":"auto","background-attachment":"scroll","background-type":"","background-media":"","overlay-type":"","overlay-color":"","overlay-opacity":"","overlay-gradient":""},"mobile":{"background-color":"var(--ast-global-color-5)","background-image":"","background-repeat":"repeat","background-position":"center center","background-size":"auto","background-attachment":"scroll","background-type":"","background-media":"","overlay-type":"","overlay-color":"","overlay-opacity":"","overlay-gradient":""}},"_joinchat":[]},"product_brand":[],"product_cat":[23],"product_tag":[],"class_list":{"0":"post-6512","1":"product","2":"type-product","3":"status-publish","4":"has-post-thumbnail","6":"product_cat-combos","7":"product_shipping_class-gratis-1","8":"desktop-align-center","9":"tablet-align-center","10":"mobile-align-center","12":"first","13":"instock","14":"sale","15":"featured","16":"shipping-taxable","17":"purchasable","18":"product-type-simple"},"aioseo_notices":[],"_links":{"self":[{"href":"https:\/\/vinoselrey.com\/tienda\/wp-json\/wp\/v2\/product\/6512","targetHints":{"allow":["GET"]}}],"collection":[{"href":"https:\/\/vinoselrey.com\/tienda\/wp-json\/wp\/v2\/product"}],"about":[{"href":"https:\/\/vinoselrey.com\/tienda\/wp-json\/wp\/v2\/types\/product"}],"replies":[{"embeddable":true,"href":"https:\/\/vinoselrey.com\/tienda\/wp-json\/wp\/v2\/comments?post=6512"}],"wp:featuredmedia":[{"embeddable":true,"href":"https:\/\/vinoselrey.com\/tienda\/wp-json\/wp\/v2\/media\/7736"}],"wp:attachment":[{"href":"https:\/\/vinoselrey.com\/tienda\/wp-json\/wp\/v2\/media?parent=6512"}],"wp:term":[{"taxonomy":"product_brand","embeddable":true,"href":"https:\/\/vinoselrey.com\/tienda\/wp-json\/wp\/v2\/product_brand?post=6512"},{"taxonomy":"product_cat","embeddable":true,"href":"https:\/\/vinoselrey.com\/tienda\/wp-json\/wp\/v2\/product_cat?post=6512"},{"taxonomy":"product_tag","embeddable":true,"href":"https:\/\/vinoselrey.com\/tienda\/wp-json\/wp\/v2\/product_tag?post=6512"}],"curies":[{"name":"wp","href":"https:\/\/api.w.org\/{rel}","templated":true}]}}