{"id":6590,"date":"2024-12-07T18:07:20","date_gmt":"2024-12-08T00:07:20","guid":{"rendered":"https:\/\/vinoselrey.com\/tienda\/?post_type=product&#038;p=6590"},"modified":"2025-09-29T14:13:38","modified_gmt":"2025-09-29T20:13:38","slug":"anisado-vino-de-flor-de-jamaica_750ml-seco-12-alcohol","status":"publish","type":"product","link":"https:\/\/vinoselrey.com\/tienda\/product\/anisado-vino-de-flor-de-jamaica_750ml-seco-12-alcohol\/","title":{"rendered":"Anisado &#8211; Vino de Flor de Jamaica &#8211; No Dulce &#8211; 12\u00ba Alcohol &#8211; Especial."},"content":{"rendered":"<p data-sourcepos=\"5:1-5:59\"><strong>De la Ossa,\u00a0<\/strong>es una marca registrada de Vinos El Rey. Un homenaje a Julia De la Ossa. Su pasi\u00f3n y visi\u00f3n fueron el motor que impuls\u00f3 Vinos El Rey. Su legado sigue vivo en cada copa, inspir\u00e1ndonos a seguir creando vinos que enamoren.<\/p>\n<p data-sourcepos=\"7:1-7:312\">De la Ossa es una l\u00ednea de vinos de Flor de Jamaica y sus especiados, contempla tres sabores:<\/p>\n<ol>\n<li data-sourcepos=\"7:1-7:312\">Vino de Flor de Jamaica 750 ML.<\/li>\n<li data-sourcepos=\"7:1-7:312\">Vino <strong>Anisado<\/strong> de Flor de Jamaica 750 ML.<\/li>\n<li data-sourcepos=\"7:1-7:312\">Vino\u00a0 de Flor de Jamaica con <strong>Jengibre<\/strong> 750 ML.<\/li>\n<\/ol>\n<h2>Anisado de Jamaica<\/h2>\n<ul>\n<li>No Dulce<\/li>\n<li>12% de alcohol<\/li>\n<li>Rub\u00ed Oscuro brillante, presume de largas piernas.<\/li>\n<li>Destaca el aroma anisado con un sutil y envolvente aroma floral.<\/li>\n<li>En boca destaca principalmente el sabor anisado, seguido por la Flor de Jamaica.<\/li>\n<\/ul>\n<blockquote><p>Es mejor hacer las notas de Cata uno mismo!<br \/>\nMe compartes por favor&#8230;<\/p><\/blockquote>\n","protected":false},"excerpt":{"rendered":"<hr \/>\n<p data-sourcepos=\"5:1-5:59\">Te presentamos nuestra Nueva l\u00ednea de vinos especiales, \u00ab<strong>De la Ossa\u00bb<\/strong><\/p>\n<p data-sourcepos=\"7:1-7:312\">Una creaci\u00f3n \u00fanica que fusiona el arte y la innovaci\u00f3n. Elaborado a partir de la <strong>Flor de Jamaica<\/strong> con un <strong>especiado de An\u00eds<\/strong>, este vino promete una experiencia sensorial inolvidable. <span style=\"text-decoration: underline\">Vino Anisado de Jamaica<\/span>, No Dulce, 12% de alcohol. Te invitamos a disfrutar de la especialidad nicarag\u00fcense.<\/p>\n","protected":false},"featured_media":7750,"comment_status":"open","ping_status":"closed","template":"","meta":{"site-sidebar-layout":"default","site-content-layout":"","ast-site-content-layout":"default","site-content-style":"default","site-sidebar-style":"default","ast-global-header-display":"","ast-banner-title-visibility":"","ast-main-header-display":"","ast-hfb-above-header-display":"","ast-hfb-below-header-display":"","ast-hfb-mobile-header-display":"","site-post-title":"","ast-breadcrumbs-content":"","ast-featured-img":"","footer-sml-layout":"","ast-disable-related-posts":"","theme-transparent-header-meta":"default","adv-header-id-meta":"","stick-header-meta":"","header-above-stick-meta":"","header-main-stick-meta":"","header-below-stick-meta":"","astra-migrate-meta-layouts":"set","ast-page-background-enabled":"default","ast-page-background-meta":{"desktop":{"background-color":"","background-image":"","background-repeat":"repeat","background-position":"center center","background-size":"auto","background-attachment":"scroll","background-type":"","background-media":"","overlay-type":"","overlay-color":"","overlay-opacity":"","overlay-gradient":""},"tablet":{"background-color":"","background-image":"","background-repeat":"repeat","background-position":"center center","background-size":"auto","background-attachment":"scroll","background-type":"","background-media":"","overlay-type":"","overlay-color":"","overlay-opacity":"","overlay-gradient":""},"mobile":{"background-color":"","background-image":"","background-repeat":"repeat","background-position":"center center","background-size":"auto","background-attachment":"scroll","background-type":"","background-media":"","overlay-type":"","overlay-color":"","overlay-opacity":"","overlay-gradient":""}},"ast-content-background-meta":{"desktop":{"background-color":"var(--ast-global-color-5)","background-image":"","background-repeat":"repeat","background-position":"center center","background-size":"auto","background-attachment":"scroll","background-type":"","background-media":"","overlay-type":"","overlay-color":"","overlay-opacity":"","overlay-gradient":""},"tablet":{"background-color":"var(--ast-global-color-5)","background-image":"","background-repeat":"repeat","background-position":"center center","background-size":"auto","background-attachment":"scroll","background-type":"","background-media":"","overlay-type":"","overlay-color":"","overlay-opacity":"","overlay-gradient":""},"mobile":{"background-color":"var(--ast-global-color-5)","background-image":"","background-repeat":"repeat","background-position":"center center","background-size":"auto","background-attachment":"scroll","background-type":"","background-media":"","overlay-type":"","overlay-color":"","overlay-opacity":"","overlay-gradient":""}},"_joinchat":[]},"product_brand":[],"product_cat":[22],"product_tag":[],"class_list":{"0":"post-6590","1":"product","2":"type-product","3":"status-publish","4":"has-post-thumbnail","6":"product_cat-vino-tinto-nicaraguense","7":"desktop-align-center","8":"tablet-align-center","9":"mobile-align-center","11":"first","12":"instock","13":"shipping-taxable","14":"purchasable","15":"product-type-simple"},"aioseo_notices":[],"_links":{"self":[{"href":"https:\/\/vinoselrey.com\/tienda\/wp-json\/wp\/v2\/product\/6590","targetHints":{"allow":["GET"]}}],"collection":[{"href":"https:\/\/vinoselrey.com\/tienda\/wp-json\/wp\/v2\/product"}],"about":[{"href":"https:\/\/vinoselrey.com\/tienda\/wp-json\/wp\/v2\/types\/product"}],"replies":[{"embeddable":true,"href":"https:\/\/vinoselrey.com\/tienda\/wp-json\/wp\/v2\/comments?post=6590"}],"wp:featuredmedia":[{"embeddable":true,"href":"https:\/\/vinoselrey.com\/tienda\/wp-json\/wp\/v2\/media\/7750"}],"wp:attachment":[{"href":"https:\/\/vinoselrey.com\/tienda\/wp-json\/wp\/v2\/media?parent=6590"}],"wp:term":[{"taxonomy":"product_brand","embeddable":true,"href":"https:\/\/vinoselrey.com\/tienda\/wp-json\/wp\/v2\/product_brand?post=6590"},{"taxonomy":"product_cat","embeddable":true,"href":"https:\/\/vinoselrey.com\/tienda\/wp-json\/wp\/v2\/product_cat?post=6590"},{"taxonomy":"product_tag","embeddable":true,"href":"https:\/\/vinoselrey.com\/tienda\/wp-json\/wp\/v2\/product_tag?post=6590"}],"curies":[{"name":"wp","href":"https:\/\/api.w.org\/{rel}","templated":true}]}}