{"id":7036,"date":"2025-01-31T19:56:34","date_gmt":"2025-02-01T01:56:34","guid":{"rendered":"https:\/\/vinoselrey.com\/tienda\/?post_type=product&#038;p=7036"},"modified":"2026-04-11T20:08:18","modified_gmt":"2026-04-12T02:08:18","slug":"2-vinos-nicaraguenses-750ml-1-el-rey-1-jamaica-jengibre","status":"publish","type":"product","link":"https:\/\/vinoselrey.com\/tienda\/product\/2-vinos-nicaraguenses-750ml-1-el-rey-1-jamaica-jengibre\/","title":{"rendered":"2 Vinos Nicas | 750 ML | 1 El Rey +1 Jamaica con JenGibre"},"content":{"rendered":"<h3>Incluye:<\/h3>\n<ol>\n<li><strong>Un<\/strong>\u00a0vino <a href=\"https:\/\/vinoselrey.com\/tienda\/product\/vino-de-tamarindo-y-maracuya-frutal-y-refrescante-750-ml\/\"><strong>El Rey<\/strong> de Tamarindo con Maracuy\u00e1 750 ml.<\/a><\/li>\n<li><strong>Un<\/strong> vino <a href=\"https:\/\/vinoselrey.com\/tienda\/product\/vino-de-flor-de-jamaica-jengibre_750ml-no-dulce-12o-alcohol-especial\/\"><strong>De la Ossa<\/strong>, de Flor de Jamaica con JenGibre 750 ml.<\/a><\/li>\n<li><strong><span style=\"color: #008000;\">Env\u00edo Gratis <\/span><\/strong><span style=\"color: #800080;\">(aplica para la mayor\u00eda de ciudades)<\/span><strong><span style=\"color: #008000;\"><span style=\"color: #333333;\"> a\u00f1\u00e1delo al carrito y mira si tu ciudad aplica.<\/span><br \/>\n<\/span><\/strong><\/li>\n<\/ol>\n<hr \/>\n<p><strong>\u00a0Esta oferta incluye Dos Vinos descritos arriba.<\/strong><\/p>\n","protected":false},"excerpt":{"rendered":"<hr \/>\n<h6><span style=\"color: #008000;\"><strong>ENV\u00cdO GRATIS <\/strong><span style=\"color: #808080;\">(aplica para la mayor\u00eda de ciudades) a\u00f1\u00e1delo al carrito y mira si tu ciudad aplica.<\/span><\/span><\/h6>\n<p>&nbsp;<\/p>\n","protected":false},"featured_media":7738,"comment_status":"open","ping_status":"closed","template":"","meta":{"site-sidebar-layout":"default","site-content-layout":"","ast-site-content-layout":"default","site-content-style":"default","site-sidebar-style":"default","ast-global-header-display":"","ast-banner-title-visibility":"","ast-main-header-display":"","ast-hfb-above-header-display":"","ast-hfb-below-header-display":"","ast-hfb-mobile-header-display":"","site-post-title":"","ast-breadcrumbs-content":"","ast-featured-img":"","footer-sml-layout":"","ast-disable-related-posts":"","theme-transparent-header-meta":"default","adv-header-id-meta":"","stick-header-meta":"","header-above-stick-meta":"","header-main-stick-meta":"","header-below-stick-meta":"","astra-migrate-meta-layouts":"set","ast-page-background-enabled":"default","ast-page-background-meta":{"desktop":{"background-color":"","background-image":"","background-repeat":"repeat","background-position":"center center","background-size":"auto","background-attachment":"scroll","background-type":"","background-media":"","overlay-type":"","overlay-color":"","overlay-opacity":"","overlay-gradient":""},"tablet":{"background-color":"","background-image":"","background-repeat":"repeat","background-position":"center center","background-size":"auto","background-attachment":"scroll","background-type":"","background-media":"","overlay-type":"","overlay-color":"","overlay-opacity":"","overlay-gradient":""},"mobile":{"background-color":"","background-image":"","background-repeat":"repeat","background-position":"center center","background-size":"auto","background-attachment":"scroll","background-type":"","background-media":"","overlay-type":"","overlay-color":"","overlay-opacity":"","overlay-gradient":""}},"ast-content-background-meta":{"desktop":{"background-color":"var(--ast-global-color-5)","background-image":"","background-repeat":"repeat","background-position":"center center","background-size":"auto","background-attachment":"scroll","background-type":"","background-media":"","overlay-type":"","overlay-color":"","overlay-opacity":"","overlay-gradient":""},"tablet":{"background-color":"var(--ast-global-color-5)","background-image":"","background-repeat":"repeat","background-position":"center center","background-size":"auto","background-attachment":"scroll","background-type":"","background-media":"","overlay-type":"","overlay-color":"","overlay-opacity":"","overlay-gradient":""},"mobile":{"background-color":"var(--ast-global-color-5)","background-image":"","background-repeat":"repeat","background-position":"center center","background-size":"auto","background-attachment":"scroll","background-type":"","background-media":"","overlay-type":"","overlay-color":"","overlay-opacity":"","overlay-gradient":""}},"_joinchat":[]},"product_brand":[],"product_cat":[23],"product_tag":[55,32],"class_list":{"0":"post-7036","1":"product","2":"type-product","3":"status-publish","4":"has-post-thumbnail","6":"product_cat-combos","7":"product_tag-vino-blanco","8":"product_tag-vino-nicaragua","9":"product_shipping_class-gratis-1","10":"desktop-align-center","11":"tablet-align-center","12":"mobile-align-center","14":"first","15":"instock","16":"shipping-taxable","17":"purchasable","18":"product-type-simple"},"aioseo_notices":[],"_links":{"self":[{"href":"https:\/\/vinoselrey.com\/tienda\/wp-json\/wp\/v2\/product\/7036","targetHints":{"allow":["GET"]}}],"collection":[{"href":"https:\/\/vinoselrey.com\/tienda\/wp-json\/wp\/v2\/product"}],"about":[{"href":"https:\/\/vinoselrey.com\/tienda\/wp-json\/wp\/v2\/types\/product"}],"replies":[{"embeddable":true,"href":"https:\/\/vinoselrey.com\/tienda\/wp-json\/wp\/v2\/comments?post=7036"}],"wp:featuredmedia":[{"embeddable":true,"href":"https:\/\/vinoselrey.com\/tienda\/wp-json\/wp\/v2\/media\/7738"}],"wp:attachment":[{"href":"https:\/\/vinoselrey.com\/tienda\/wp-json\/wp\/v2\/media?parent=7036"}],"wp:term":[{"taxonomy":"product_brand","embeddable":true,"href":"https:\/\/vinoselrey.com\/tienda\/wp-json\/wp\/v2\/product_brand?post=7036"},{"taxonomy":"product_cat","embeddable":true,"href":"https:\/\/vinoselrey.com\/tienda\/wp-json\/wp\/v2\/product_cat?post=7036"},{"taxonomy":"product_tag","embeddable":true,"href":"https:\/\/vinoselrey.com\/tienda\/wp-json\/wp\/v2\/product_tag?post=7036"}],"curies":[{"name":"wp","href":"https:\/\/api.w.org\/{rel}","templated":true}]}}