{"id":7871,"date":"2025-12-20T16:44:48","date_gmt":"2025-12-20T22:44:48","guid":{"rendered":"https:\/\/vinoselrey.com\/tienda\/?post_type=product&#038;p=7871"},"modified":"2026-04-07T21:08:30","modified_gmt":"2026-04-08T03:08:30","slug":"jamaica-vino-de-flor-de-jamaica_3litros-no-dulce-12-alcohol","status":"publish","type":"product","link":"https:\/\/vinoselrey.com\/tienda\/product\/jamaica-vino-de-flor-de-jamaica_3litros-no-dulce-12-alcohol\/","title":{"rendered":"Jamaica | Garrafa de 3 Litros | No Dulce | 12\u00ba Alcohol | Envase Lujo."},"content":{"rendered":"<h2 data-sourcepos=\"5:1-5:59\">Garrafa de 3 Litros, Envase de Lujo.<\/h2>\n<p data-sourcepos=\"5:1-5:59\">\u00ab<strong>Descubra la magia de la flor de Jamaica en cada sorbo.<\/strong><\/p>\n<div class=\"wp-block-uagb-icon-list-child uagb-block-fa799545\"><span class=\"uagb-icon-list__label\">\ud83c\udf77 Una experiencia sensorial \u00fanica y sofisticada en cada copa. La esencia vibrante y refrescante de la Flor de Jamaica. 12% DE ALCOHOL \\ NO DULCE. Cada botella refleja la dedicaci\u00f3n y el arte.<\/span><\/div>\n<div><\/div>\n<div class=\"wp-block-uagb-icon-list-child uagb-block-fa799545\"><span class=\"uagb-icon-list__label\"><strong>\ud83c\udf77 Color:<\/strong> Rub\u00ed brillante, transparente.<\/span><\/div>\n<div><\/div>\n<div class=\"wp-block-uagb-icon-list-child uagb-block-fa799545\"><span class=\"uagb-icon-list__label\"><strong>\ud83c\udf77 Aroma:<\/strong> Resaltan las Flores y las frutas. Evoluciona en el tiempo a uvas.<\/span><\/div>\n<div><\/div>\n<div class=\"wp-block-uagb-icon-list-child uagb-block-fa799545\"><span class=\"uagb-icon-list__label\"><strong>\ud83c\udf77 Gusto:<\/strong> Equilibrado, afrutado. Entrega notas equilibradas entre la acidez de la Jamaica, el alcohol y un ligero sabor floral y afrutado.<\/span><\/div>\n<div><\/div>\n<div class=\"wp-block-uagb-icon-list-child uagb-block-fa799545\"><span class=\"uagb-icon-list__label\">\ud83c\udf77 Consumir moderadamente fr\u00edo: 12\u00baC.<\/span><\/div>\n<div><\/div>\n<div><span class=\"uagb-icon-list__label\">\ud83c\udf77 Material del envase: <strong>Vidrio verde de alta densidad.<\/strong><\/span><\/div>\n<div><\/div>\n<div><\/div>\n<div>\n<hr \/>\n<h4><span style=\"color: #0000ff;\">Preguntas Frecuentes:<\/span><\/h4>\n<p><strong>\u00bfD\u00f3nde est\u00e1n Ubicados?<br \/>\n\u2013\u00a0<\/strong>Somoto<\/p>\n<p><strong>\u00bfPuedo pagar contra entrega?<br \/>\n<\/strong>\u2013 No<\/p>\n<p><strong>\u00bfQui\u00e9n entrega mi paquete?<br \/>\n<\/strong>\u2013 CargoTrans<\/p>\n<p><strong>\u00bfSon vinos Dulces?<br \/>\n<\/strong>\u2013 No<\/p>\n<p><strong>\u00bfTienen vinos sin alcohol?<br \/>\n<\/strong>\u2013 No<\/p>\n<p><strong>\u00bfPuedo Pagar por Transferencia?<br \/>\n<\/strong>&#8211; Si,,, abajo a la derecha esta el bot\u00f3n de WhatsApp, solic\u00edtelo ah\u00ed.<\/p>\n<\/div>\n","protected":false},"excerpt":{"rendered":"<hr \/>\n<p data-sourcepos=\"15:1-15:153\">\ud83d\udfe5Es un vino No tradicional, No Dulce, 12% de alcohol, intenso color rub\u00ed brillante, aroma floral, sabor equilibrado y refrescante. Made in Nicaragua!<\/p>\n<p data-sourcepos=\"15:1-15:153\"><span style=\"color: #0000ff;\"><strong>\ud83d\udfe0Compra ahora, pocas unidades, recibe 3 litros de este rico vino en un envase de lujo.<\/strong><\/span><\/p>\n<h5 data-sourcepos=\"17:1-17:136\"><strong>\u00a1S\u00e9 parte de esta aventura!<\/strong><\/h5>\n","protected":false},"featured_media":7916,"comment_status":"open","ping_status":"closed","template":"","meta":{"site-sidebar-layout":"default","site-content-layout":"","ast-site-content-layout":"default","site-content-style":"default","site-sidebar-style":"default","ast-global-header-display":"","ast-banner-title-visibility":"","ast-main-header-display":"","ast-hfb-above-header-display":"","ast-hfb-below-header-display":"","ast-hfb-mobile-header-display":"","site-post-title":"","ast-breadcrumbs-content":"","ast-featured-img":"","footer-sml-layout":"","ast-disable-related-posts":"","theme-transparent-header-meta":"default","adv-header-id-meta":"","stick-header-meta":"","header-above-stick-meta":"","header-main-stick-meta":"","header-below-stick-meta":"","astra-migrate-meta-layouts":"set","ast-page-background-enabled":"default","ast-page-background-meta":{"desktop":{"background-color":"","background-image":"","background-repeat":"repeat","background-position":"center center","background-size":"auto","background-attachment":"scroll","background-type":"","background-media":"","overlay-type":"","overlay-color":"","overlay-opacity":"","overlay-gradient":""},"tablet":{"background-color":"","background-image":"","background-repeat":"repeat","background-position":"center center","background-size":"auto","background-attachment":"scroll","background-type":"","background-media":"","overlay-type":"","overlay-color":"","overlay-opacity":"","overlay-gradient":""},"mobile":{"background-color":"","background-image":"","background-repeat":"repeat","background-position":"center center","background-size":"auto","background-attachment":"scroll","background-type":"","background-media":"","overlay-type":"","overlay-color":"","overlay-opacity":"","overlay-gradient":""}},"ast-content-background-meta":{"desktop":{"background-color":"var(--ast-global-color-5)","background-image":"","background-repeat":"repeat","background-position":"center center","background-size":"auto","background-attachment":"scroll","background-type":"","background-media":"","overlay-type":"","overlay-color":"","overlay-opacity":"","overlay-gradient":""},"tablet":{"background-color":"var(--ast-global-color-5)","background-image":"","background-repeat":"repeat","background-position":"center center","background-size":"auto","background-attachment":"scroll","background-type":"","background-media":"","overlay-type":"","overlay-color":"","overlay-opacity":"","overlay-gradient":""},"mobile":{"background-color":"var(--ast-global-color-5)","background-image":"","background-repeat":"repeat","background-position":"center center","background-size":"auto","background-attachment":"scroll","background-type":"","background-media":"","overlay-type":"","overlay-color":"","overlay-opacity":"","overlay-gradient":""}},"_joinchat":{"message_text":"\ud83d\udfe0Compra ahora esta Garrafa antes de que se agote,\n- Puedes realizar transferencia bancaria.\n- El pago debe realizarse al momento de hacer el pedido.\n- Todos los datos en esta pagina son correctos y actuales.\n\n- *Adelante, un asesor te responder\u00e1.*","message_send":"*Hola!*\nQuiero comprar esta Garrafa."}},"product_brand":[],"product_cat":[22],"product_tag":[],"class_list":{"0":"post-7871","1":"product","2":"type-product","3":"status-publish","4":"has-post-thumbnail","6":"product_cat-vino-tinto-nicaraguense","7":"product_shipping_class-gratis-1","8":"desktop-align-center","9":"tablet-align-center","10":"mobile-align-center","12":"first","13":"instock","14":"sale","15":"shipping-taxable","16":"purchasable","17":"product-type-simple"},"aioseo_notices":[],"_links":{"self":[{"href":"https:\/\/vinoselrey.com\/tienda\/wp-json\/wp\/v2\/product\/7871","targetHints":{"allow":["GET"]}}],"collection":[{"href":"https:\/\/vinoselrey.com\/tienda\/wp-json\/wp\/v2\/product"}],"about":[{"href":"https:\/\/vinoselrey.com\/tienda\/wp-json\/wp\/v2\/types\/product"}],"replies":[{"embeddable":true,"href":"https:\/\/vinoselrey.com\/tienda\/wp-json\/wp\/v2\/comments?post=7871"}],"wp:featuredmedia":[{"embeddable":true,"href":"https:\/\/vinoselrey.com\/tienda\/wp-json\/wp\/v2\/media\/7916"}],"wp:attachment":[{"href":"https:\/\/vinoselrey.com\/tienda\/wp-json\/wp\/v2\/media?parent=7871"}],"wp:term":[{"taxonomy":"product_brand","embeddable":true,"href":"https:\/\/vinoselrey.com\/tienda\/wp-json\/wp\/v2\/product_brand?post=7871"},{"taxonomy":"product_cat","embeddable":true,"href":"https:\/\/vinoselrey.com\/tienda\/wp-json\/wp\/v2\/product_cat?post=7871"},{"taxonomy":"product_tag","embeddable":true,"href":"https:\/\/vinoselrey.com\/tienda\/wp-json\/wp\/v2\/product_tag?post=7871"}],"curies":[{"name":"wp","href":"https:\/\/api.w.org\/{rel}","templated":true}]}}