{"id":7912,"date":"2026-01-02T18:44:40","date_gmt":"2026-01-03T00:44:40","guid":{"rendered":"https:\/\/vinoselrey.com\/tienda\/?post_type=product&#038;p=7912"},"modified":"2026-04-14T21:59:39","modified_gmt":"2026-04-15T03:59:39","slug":"coleccion-completa-y-el-vino-prohibido-el-rey-con-limon","status":"publish","type":"product","link":"https:\/\/vinoselrey.com\/tienda\/product\/coleccion-completa-y-el-vino-prohibido-el-rey-con-limon\/","title":{"rendered":"Colecci\u00f3n Completa y el Vino Prohibido: El Rey con Lim\u00f3n + Regal\u00eda"},"content":{"rendered":"<hr \/>\n<h3 class=\"ng-star-inserted\"><strong class=\"ng-star-inserted\"><span class=\"ng-star-inserted\">No compres solo vino. Invierte en una experiencia para cada ocasi\u00f3n.<\/span><\/strong><\/h3>\n<p class=\"ng-star-inserted\"><span class=\"ng-star-inserted\"> Es m\u00e1s que un pack; es tu cava personal y vers\u00e1til, una selecci\u00f3n maestra dise\u00f1ada para que siempre tengas el sabor perfecto a mano, listo para descorchar y convertir cualquier momento en un recuerdo inolvidable.<\/span><\/p>\n<hr \/>\n<h3 class=\"ng-star-inserted\"><strong class=\"ng-star-inserted\"><span class=\"ng-star-inserted\">Un Viaje Sensorial a Trav\u00e9s de Tus 6 Botellas:<\/span><\/strong><\/h3>\n<p class=\"ng-star-inserted\">Deja de adivinar qu\u00e9 vino servir. Ten la respuesta correcta para cada visita, desde la suegra exigente hasta los amigos de fiesta:<\/p>\n<p class=\"ng-star-inserted\"><span class=\"ng-star-inserted\">\ud83e\udd42 <\/span><strong class=\"ng-star-inserted\"><span class=\"ng-star-inserted\">Vino El Rey:<\/span><\/strong><span class=\"ng-star-inserted\">\u00a0Nuestro legado. El equilibrio perfecto que nos define. Suave, vers\u00e1til y siempre confiable. Es el anfitri\u00f3n perfecto que nunca falla en una cena o reuni\u00f3n importante.<\/span><\/p>\n<p class=\"ng-star-inserted\"><span class=\"ng-star-inserted\">\ud83d\udfeb <\/span><strong class=\"ng-star-inserted\"><span class=\"ng-star-inserted\">Vino Kturra:<\/span><\/strong><span class=\"ng-star-inserted\">\u00a0El esp\u00edritu audaz. Intenso y con car\u00e1cter, para esos momentos en que no quieres pasar desapercibido. Ideal para acompa\u00f1ar una buena pl\u00e1tica y carnes rojas.<\/span><\/p>\n<p class=\"ng-star-inserted\"><span class=\"ng-star-inserted\">\ud83c\udf3a\u00a0<\/span><strong class=\"ng-star-inserted\"><span class=\"ng-star-inserted\">Vino De la Ossa (Flor de Jamaica):<\/span><\/strong><span class=\"ng-star-inserted\">\u00a0La sorpresa ex\u00f3tica. Un sabor vibrante y refrescante que transporta al tr\u00f3pico. Perfecto para una tarde calurosa o para maridar con platos ligeros y postres.<\/span><\/p>\n<p class=\"ng-star-inserted\"><span class=\"ng-star-inserted\">\ud83d\udfe5 <\/span><strong class=\"ng-star-inserted\"><span class=\"ng-star-inserted\">Vino De la Ossa (Anisado de Jamaica):<\/span><\/strong><span class=\"ng-star-inserted\">\u00a0El toque misterioso. Una fusi\u00f3n intrigante de la flor de Jamaica con notas especiadas de an\u00eds. Es el vino para las conversaciones profundas al final de la noche.<\/span><\/p>\n<p class=\"ng-star-inserted\"><span class=\"ng-star-inserted\">\ud83d\udfe5 <\/span><strong class=\"ng-star-inserted\"><span class=\"ng-star-inserted\">Vino De la Ossa (Con Jengibre):<\/span><\/strong><span class=\"ng-star-inserted\"> La chispa inesperada. Un vino que despierta el paladar con su toque\u00a0 energ\u00e9tico (no es picante). Ideal para aperitivos y para quienes aman explorar sabores atrevidos.<\/span><\/p>\n<p class=\"ng-star-inserted\"><span class=\"ng-star-inserted\">\ud83d\udc51\u00a0<\/span><strong class=\"ng-star-inserted\"><span class=\"ng-star-inserted\">Y la Perla de la Corona&#8230; \u00abEl Vino Prohibido\u00bb &#8211; El Rey con Lim\u00f3n:<\/span><\/strong><br class=\"ng-star-inserted\" \/><span class=\"ng-star-inserted\">Nuestra creaci\u00f3n secreta. Imagina la base noble de nuestro Vino El Rey, elevada con un toque c\u00edtrico, fresco y elegante que lo cambia todo. Lo creamos para celebraciones internas, como un tesoro de la bodega.\u00a0<\/span><strong class=\"ng-star-inserted\"><span class=\"ng-star-inserted\">No lo encontrar\u00e1s en ninguna tienda. No est\u00e1 en nuestra web. La \u00fanica llave a esta experiencia exclusiva la tienes en esta colecci\u00f3n.<\/span><\/strong><\/p>\n<h3 class=\"ng-star-inserted\"><strong class=\"ng-star-inserted\"><span class=\"ng-star-inserted\">Tu Inversi\u00f3n No Podr\u00eda Ser M\u00e1s Inteligente (y Segura)<\/span><\/strong><\/h3>\n<p class=\"ng-star-inserted\"><span class=\"ng-star-inserted\">Cuando adquieres la Colecci\u00f3n Completa, no solo recibes 6 botellas de vino de calidad de exportaci\u00f3n. Mira el valor real:<\/span><\/p>\n<p class=\"ng-star-inserted\"><span class=\"ng-star-inserted\">\u2705\u00a0<\/span><strong class=\"ng-star-inserted\"><span class=\"ng-star-inserted\">Valor Real:<\/span><\/strong><span class=\"ng-star-inserted\"> Est\u00e1s obteniendo 6 vinos premium, incluyendo una edici\u00f3n ultra exclusiva, por un precio que no encontrar\u00e1s en ning\u00fan otro lugar. <span style=\"color: #008000;\"><strong>(C$ 1,797).<\/strong><\/span><\/span><\/p>\n<p><span class=\"ng-star-inserted\">\u2705<\/span><strong class=\"ng-star-inserted\"><span class=\"ng-star-inserted\"><span style=\"color: #993366;\">Regal\u00eda<\/span> de Hoy:<\/span><\/strong><span class=\"ng-star-inserted\"> <a class=\"oferta-del-dia\" href=\"#\"><strong>\ud83c\udf81 \u00a1Toca y mira el valor!<\/strong><\/a><span style=\"color: #008000;\"><strong>.<\/strong><\/span><\/span><\/p>\n<p class=\"ng-star-inserted\"><span class=\"ng-star-inserted\">\u2705\u00a0<\/span><strong class=\"ng-star-inserted\"><span class=\"ng-star-inserted\">Env\u00edo 100% Gratis:<\/span><\/strong><span class=\"ng-star-inserted\"> Llevamos tu colecci\u00f3n hasta la puerta de tu casa, sin que pagues un c\u00f3rdoba extra por el env\u00edo. Precio promedio menor a 10 Kg: <span style=\"color: #008000;\"><strong>(C$ 235)<\/strong><\/span><\/span><\/p>\n<p class=\"ng-star-inserted\"><span class=\"ng-star-inserted\">\u2705\u00a0<\/span><strong class=\"ng-star-inserted\"><span class=\"ng-star-inserted\">Garant\u00eda de Env\u00edo Protegido:<\/span><\/strong><span class=\"ng-star-inserted\"> Empacamos tu tesoro a prueba de todo. Pero si el viaje es duro y algo sale mal, te reponemos las botellas da\u00f1adas\u00a0 o todo el paquete, sin hacer preguntas. Tu compra est\u00e1 blindada. <span style=\"color: #008000;\"><strong>(C$ valioso) <\/strong><\/span>como una p\u00f3liza de seguro.<\/span><\/p>\n<p class=\"ng-star-inserted\"><span class=\"ng-star-inserted\">\u2705\u00a0<\/span><strong class=\"ng-star-inserted\"><span class=\"ng-star-inserted\">Nuestra Promesa de Hierro: La Garant\u00eda de Deleite El Rey:<\/span><\/strong><br class=\"ng-star-inserted\" \/><span class=\"ng-star-inserted\">Confiamos ciegamente en la calidad de nuestra colecci\u00f3n. Por eso, el riesgo es 100% nuestro. Si cuando recibas tus 6 vinos sientes que la experiencia no vale lo que pagaste, nos llamas. Coordinaremos la recogida de las botellas y te devolveremos tu dinero. As\u00ed de simple. As\u00ed de seguros estamos.<br \/>\n<a href=\"https:\/\/vinoselrey.com\/tienda\/refund_returns\/#garantia-especial\"><strong>Ver pol\u00edtica aqu\u00ed.<\/strong><\/a><br \/>\n<span style=\"color: #008000;\"><strong>Piensa en esta garant\u00eda como la mejor p\u00f3liza de seguro para tu satisfacci\u00f3n. Normalmente, un seguro tiene un costo adicional, \u00bfverdad? Pero esta protecci\u00f3n total para tu inversi\u00f3n de C$ 1,797 viene incluida con tu compra.<\/strong><\/span><br \/>\n<\/span><\/p>\n<hr \/>\n<h3>Dudas Frecuentes de nuestros Clientes<\/h3>\n<h4><b data-path-to-node=\"4,0,0\" data-index-in-node=\"0\">\u2753\u00bfCu\u00e1ndo recibir\u00e9 mi pedido?<\/b> \ud83d\ude9a<\/h4>\n<p>\u00a1R\u00e1pido! Gracias a nuestra alianza con <b data-path-to-node=\"4,0,0\" data-index-in-node=\"70\">CargoTrans<\/b>, entregamos en 24 horas h\u00e1biles en Managua y la mayor\u00eda de ciudades del pa\u00eds.<\/p>\n<h4 data-start=\"770\" data-end=\"804\" data-section-id=\"97npl0\">\u2753 \u00bfSon vinos dulces o secos?<\/h4>\n<p data-start=\"805\" data-end=\"979\">Nuestros vinos <strong>no<\/strong> son Dulces: Est\u00e1n muy bien balanceados, esto significa que conservan el alma de la fruta (tamarindo, jamaica, caf\u00e9) pero con un balance elegante y cuerpo de vino real (12% Alc). No son jugos; son experiencias para el paladar.<\/p>\n<h4 data-start=\"770\" data-end=\"804\" data-section-id=\"97npl0\">\u2753<strong><strong class=\"ng-star-inserted\"><span class=\"ng-star-inserted\">\u00bfTienen fecha de vencimiento?<\/span><\/strong><\/strong><\/h4>\n<p data-start=\"770\" data-end=\"804\" data-section-id=\"97npl0\">Gracias a su proceso de V<strong>inificaci\u00f3n<\/strong> y corcho premium, duran a\u00f1os con su sabor intacto. Mantenlos siempre en un lugar fresco y seco.<\/p>\n<h4 data-start=\"567\" data-end=\"600\" data-section-id=\"10xzjf5\">\u2753 \u00bfA qu\u00e9 saben estos vinos?<\/h4>\n<p data-start=\"601\" data-end=\"763\">Cada botella ofrece algo diferente: desde notas frutales y refrescantes, hasta sabores florales y especiados.<\/p>\n<h4 data-start=\"986\" data-end=\"1015\" data-section-id=\"9wvmkc\">\u2753 \u00bfC\u00f3mo se deben tomar?<\/h4>\n<p data-start=\"1016\" data-end=\"1149\">Se recomienda servirlos bien fr\u00edos para disfrutar mejor sus aromas y sabores. Son ideales para clima c\u00e1lido y momentos de relajaci\u00f3n.<\/p>\n<h4 data-start=\"1156\" data-end=\"1197\" data-section-id=\"15zgdh8\">\u2753 \u00bfEs una buena opci\u00f3n para regalo?<\/h4>\n<p data-start=\"1198\" data-end=\"1323\">S\u00ed, es una excelente opci\u00f3n. La variedad de sabores lo convierte en un regalo original, diferente y perfecto para sorprender.<\/p>\n<h4 data-start=\"2007\" data-end=\"2066\" data-section-id=\"pa78tw\">\u2753 \u00bfEste pack es para alguien que no conoce los vinos?<\/h4>\n<p data-start=\"2067\" data-end=\"2181\">S\u00ed, de hecho es perfecto para empezar. La variedad permite explorar diferentes sabores de forma f\u00e1cil y agradable.<\/p>\n<h4 data-start=\"2007\" data-end=\"2066\" data-section-id=\"pa78tw\">\u2753<b data-path-to-node=\"4,3,0\" data-index-in-node=\"0\">\u00bfPuedo pagar al recibir (Contra entrega)?<\/b><\/h4>\n<p data-start=\"2067\" data-end=\"2181\">No, Para garantizar la eficiencia de nuestra log\u00edstica nacional, el pago se realiza de forma segura al confirmar tu pedido. Tu inversi\u00f3n est\u00e1 protegida por nuestra <b data-path-to-node=\"4,3,0\" data-index-in-node=\"215\">Garant\u00eda de Env\u00edo<\/b>: si algo pasa en el camino, nosotros respondemos.<\/p>\n<h4 data-start=\"2007\" data-end=\"2066\" data-section-id=\"pa78tw\">\u2753<strong>\u00bfPuedo Pagar por Transferencia?<\/strong><\/h4>\n<p>Si,,, abajo a la derecha est\u00e1 el bot\u00f3n de WhatsApp, solic\u00edtelo ah\u00ed.<\/p>\n<h4 data-start=\"2007\" data-end=\"2066\" data-section-id=\"pa78tw\">\u2753En que consiste la Garant\u00eda de Hierro El Rey?<\/h4>\n<p>Si al recibir consideras que no lo vale, lo devuelves, sin trucos, sin preguntas. As\u00ed de seguros estamos!<\/p>\n<hr \/>\n<p><b data-path-to-node=\"18\" data-index-in-node=\"0\"><strong>\ud83d\udfe0 <\/strong>\u00a1An\u00edmate a probar algo diferente!<\/b> Dale clic al carrito y asegur\u00e1 tu pack.<\/p>\n<p>\u00bfQu\u00e9?<span class=\"x1rg5ohu x16dsc37 x19la9d6 x1fc57z9 x6ikm8r x10wlt62 x19co3pv x11tp94h xw4jnvo x1qx5ct2 xfibh0p xiy17q3 x1xsqp64 x1lkfr7t xexx8yu xyri2b x18d9i69 x1c1uobl\"><span class=\"xrtxmta x1bhl96m\">\ud83d\ude2f<\/span><\/span> &#8211; \u00bfacaso no te lo mereces???<\/p>\n<hr \/>\n<h3><\/h3>\n<h3 class=\"ng-star-inserted\"><strong class=\"ng-star-inserted\"><span class=\"ng-star-inserted\">No Hay Nada M\u00e1s Que Pensar. Es Hora de Actuar.<\/span><\/strong><\/h3>\n<p class=\"ng-star-inserted\"><span class=\"ng-star-inserted\">Est\u00e1s a un solo clic de transformar por completo tu manera de disfrutar. No dejes que esta oportunidad se te escape.<\/span><\/p>\n<p class=\"ng-star-inserted\"><span class=\"ng-star-inserted\">No te quedes con la duda de c\u00f3mo sabe. No te conformes con una colecci\u00f3n incompleta.<\/span><\/p>\n<p class=\"ng-star-inserted\"><strong class=\"ng-star-inserted\"><span class=\"ng-star-inserted\">Haz clic en el bot\u00f3n \u00abA\u00f1adir al carrito\u00bb ahora mismo y asegura tu acceso a la experiencia m\u00e1s completa y exclusiva de Nicaragua.<\/span><\/strong><\/p>\n<p>&nbsp;<\/p>\n<hr \/>\n<p>&nbsp;<\/p>\n","protected":false},"excerpt":{"rendered":"<hr \/>\n<p><strong>\ud83e\ude75Accede al sabor que nadie m\u00e1s tiene en Nicaragua (Literalmente).<\/strong><\/p>\n<hr \/>\n<p class=\"ng-star-inserted\"><span class=\"ng-star-inserted\">\u2705<\/span><strong class=\"ng-star-inserted\"><span class=\"ng-star-inserted\">La Experiencia Completa:<\/span><\/strong><span class=\"ng-star-inserted\"> Los 6 sabores que cuentan nuestra historia, en un solo lugar.<br \/>\n<\/span><strong class=\"ng-star-inserted\"><span class=\"ng-star-inserted\">\u2705Acceso Exclusivo:<\/span><\/strong><span class=\"ng-star-inserted\"> La \u00fanica forma de probar nuestro Vino Prohibido.<br \/>\n<\/span><span class=\"ng-star-inserted\">\u2705<\/span><strong class=\"ng-star-inserted\"><span class=\"ng-star-inserted\"><span style=\"color: #993366;\">Regal\u00eda<\/span> de Hoy:<a class=\"oferta-del-dia\" href=\"#\"><strong>\ud83c\udf81 <span style=\"text-decoration: underline;\"><span style=\"color: #333333; text-decoration: underline;\">\u00a1Ver aqu\u00ed!<\/span><\/span><\/strong><\/a><br \/>\n<\/span><strong class=\"ng-star-inserted\"><span class=\"ng-star-inserted\">\u2705Env\u00edo Gratis:<\/span><\/strong><span class=\"ng-star-inserted\"> Asumimos los gastos de env\u00edo.<br \/>\n<strong class=\"ng-star-inserted\">\u2705Env\u00edo Protegido:\u00a0<\/strong>Si algo sale mal en el camino, respondemos por todo.<br \/>\n<\/span><strong><span class=\"ng-star-inserted\">\u2705<\/span>Garant\u00eda de Devoluci\u00f3n:<\/strong> Si al recibir, crees que no lo vale, lo devuelves.<\/strong><\/p>\n<hr \/>\n<p><strong>\u00a1Oferta limitada por el regalo!<br \/>\n<a class=\"oferta-del-dia\" href=\"#\"><strong>\ud83c\udf81 \u00a1Ver la regal\u00eda de hoy aqu\u00ed!<\/strong><\/a><\/strong><\/p>\n<p><span style=\"color: #0000ff;\">(Estas comprando directo a la Bodega).<\/span><\/p>\n<p>\u2714\ufe0fPaso #1: A\u00f1ade al Carrito.<br \/>\n\u2714\ufe0fPaso #2: Dale a Finalizar compra.<br \/>\n\u2714\ufe0fPaso #3: Escribe tus datos: nombre, direcci\u00f3n, etc.<br \/>\n\u2714\ufe0fToca el bot\u00f3n Pagar.<br \/>\n\u2714\ufe0fListo, Recibe al d\u00eda siguiente en la mayor\u00eda de ciudades.<\/p>\n","protected":false},"featured_media":7944,"comment_status":"open","ping_status":"closed","template":"","meta":{"site-sidebar-layout":"default","site-content-layout":"","ast-site-content-layout":"default","site-content-style":"default","site-sidebar-style":"default","ast-global-header-display":"","ast-banner-title-visibility":"","ast-main-header-display":"","ast-hfb-above-header-display":"","ast-hfb-below-header-display":"","ast-hfb-mobile-header-display":"","site-post-title":"","ast-breadcrumbs-content":"","ast-featured-img":"","footer-sml-layout":"","ast-disable-related-posts":"","theme-transparent-header-meta":"default","adv-header-id-meta":"","stick-header-meta":"","header-above-stick-meta":"","header-main-stick-meta":"","header-below-stick-meta":"","astra-migrate-meta-layouts":"set","ast-page-background-enabled":"default","ast-page-background-meta":{"desktop":{"background-color":"","background-image":"","background-repeat":"repeat","background-position":"center center","background-size":"auto","background-attachment":"scroll","background-type":"","background-media":"","overlay-type":"","overlay-color":"","overlay-opacity":"","overlay-gradient":""},"tablet":{"background-color":"","background-image":"","background-repeat":"repeat","background-position":"center center","background-size":"auto","background-attachment":"scroll","background-type":"","background-media":"","overlay-type":"","overlay-color":"","overlay-opacity":"","overlay-gradient":""},"mobile":{"background-color":"","background-image":"","background-repeat":"repeat","background-position":"center center","background-size":"auto","background-attachment":"scroll","background-type":"","background-media":"","overlay-type":"","overlay-color":"","overlay-opacity":"","overlay-gradient":""}},"ast-content-background-meta":{"desktop":{"background-color":"var(--ast-global-color-5)","background-image":"","background-repeat":"repeat","background-position":"center center","background-size":"auto","background-attachment":"scroll","background-type":"","background-media":"","overlay-type":"","overlay-color":"","overlay-opacity":"","overlay-gradient":""},"tablet":{"background-color":"var(--ast-global-color-5)","background-image":"","background-repeat":"repeat","background-position":"center center","background-size":"auto","background-attachment":"scroll","background-type":"","background-media":"","overlay-type":"","overlay-color":"","overlay-opacity":"","overlay-gradient":""},"mobile":{"background-color":"var(--ast-global-color-5)","background-image":"","background-repeat":"repeat","background-position":"center center","background-size":"auto","background-attachment":"scroll","background-type":"","background-media":"","overlay-type":"","overlay-color":"","overlay-opacity":"","overlay-gradient":""}},"_joinchat":{"message_text":"\ud83d\udfe0Compra ahora y aprovecha la Regal\u00eda de Hoy!\n\n\u2713 Si prefieres, Puedes realizar transferencia bancaria. (aunque en esta tienda en l\u00ednea, es autom\u00e1tico, seguro y tus tarjetas ganan puntos)\n\u2713 El pago debe realizarse al momento de hacer el pedido.\n\u2713 Todos los datos en esta pagina son correctos y actuales.\n\n- *Adelante, un asesor te responder\u00e1.*","message_send":"*Hola Vinos El Rey!*\n\nQuiero comprar la colecci\u00f3n completa.\n\nAlguien me puede ayudar?"}},"product_brand":[],"product_cat":[23,78],"product_tag":[],"class_list":{"0":"post-7912","1":"product","2":"type-product","3":"status-publish","4":"has-post-thumbnail","6":"product_cat-combos","7":"product_cat-ofertas-nicaragua","8":"product_shipping_class-gratis-1","9":"desktop-align-center","10":"tablet-align-center","11":"mobile-align-center","13":"first","14":"instock","15":"shipping-taxable","16":"purchasable","17":"product-type-simple"},"aioseo_notices":[],"_links":{"self":[{"href":"https:\/\/vinoselrey.com\/tienda\/wp-json\/wp\/v2\/product\/7912","targetHints":{"allow":["GET"]}}],"collection":[{"href":"https:\/\/vinoselrey.com\/tienda\/wp-json\/wp\/v2\/product"}],"about":[{"href":"https:\/\/vinoselrey.com\/tienda\/wp-json\/wp\/v2\/types\/product"}],"replies":[{"embeddable":true,"href":"https:\/\/vinoselrey.com\/tienda\/wp-json\/wp\/v2\/comments?post=7912"}],"wp:featuredmedia":[{"embeddable":true,"href":"https:\/\/vinoselrey.com\/tienda\/wp-json\/wp\/v2\/media\/7944"}],"wp:attachment":[{"href":"https:\/\/vinoselrey.com\/tienda\/wp-json\/wp\/v2\/media?parent=7912"}],"wp:term":[{"taxonomy":"product_brand","embeddable":true,"href":"https:\/\/vinoselrey.com\/tienda\/wp-json\/wp\/v2\/product_brand?post=7912"},{"taxonomy":"product_cat","embeddable":true,"href":"https:\/\/vinoselrey.com\/tienda\/wp-json\/wp\/v2\/product_cat?post=7912"},{"taxonomy":"product_tag","embeddable":true,"href":"https:\/\/vinoselrey.com\/tienda\/wp-json\/wp\/v2\/product_tag?post=7912"}],"curies":[{"name":"wp","href":"https:\/\/api.w.org\/{rel}","templated":true}]}}